{"id":1589,"date":"2025-09-30T09:44:26","date_gmt":"2025-09-30T06:44:26","guid":{"rendered":"https:\/\/casino-site-amp87.top\/?page_id=1589"},"modified":"2025-11-06T18:19:07","modified_gmt":"2025-11-06T16:19:07","slug":"home-new","status":"publish","type":"page","link":"https:\/\/casino-site-amp87.top\/","title":{"rendered":"PL main"},"content":{"rendered":"","protected":false},"excerpt":{"rendered":"","protected":false},"author":1,"featured_media":0,"parent":0,"menu_order":0,"comment_status":"closed","ping_status":"closed","template":"home-new.php","meta":{"_acf_changed":false,"footnotes":""},"class_list":["post-1589","page","type-page","status-publish","hentry"],"acf":[],"yoast_head":"<!-- This site is optimized with the Yoast SEO plugin v27.2 - https:\/\/yoast.com\/product\/yoast-seo-wordpress\/ -->\n<title>Quickwin Polska licencjonowane kasyno online z aplikacj\u0105 mobiln\u0105 i loginem<\/title>\n<meta name=\"description\" content=\"Quickwin Polska to kasyno z licencj\u0105 Cura\u00e7ao eGaming, pakietem 100% do 500 \u20ac i 200 FS, p\u0142atno\u015bciami kartami, portfelami elektronicznymi i kryptowalutami oraz live chatem 24\/7\" \/>\n<meta name=\"robots\" content=\"index, follow, max-snippet:-1, max-image-preview:large, max-video-preview:-1\" \/>\n<link rel=\"canonical\" href=\"https:\/\/pl.casino-site-amp87.top\/\" \/>\n<meta property=\"og:locale\" content=\"ru_RU\" \/>\n<meta property=\"og:type\" content=\"article\" \/>\n<meta property=\"og:title\" content=\"Quickwin Polska licencjonowane kasyno online z aplikacj\u0105 mobiln\u0105 i loginem\" \/>\n<meta property=\"og:description\" content=\"Quickwin Polska to kasyno z licencj\u0105 Cura\u00e7ao eGaming, pakietem 100% do 500 \u20ac i 200 FS, p\u0142atno\u015bciami kartami, portfelami elektronicznymi i kryptowalutami oraz live chatem 24\/7\" \/>\n<meta property=\"og:url\" content=\"https:\/\/pl.casino-site-amp87.top\/\" \/>\n<meta property=\"og:site_name\" content=\"casino-site-amp87.top\" \/>\n<meta property=\"article:modified_time\" content=\"2025-11-06T16:19:07+00:00\" \/>\n<meta name=\"twitter:card\" content=\"summary_large_image\" \/>\n<script type=\"application\/ld+json\" class=\"yoast-schema-graph\">{\"@context\":\"https:\/\/schema.org\",\"@graph\":[{\"@type\":\"WebPage\",\"@id\":\"https:\/\/casino-site-amp87.top\/\",\"url\":\"https:\/\/pl.casino-site-amp87.top\/\",\"name\":\"Quickwin Polska licencjonowane kasyno online z aplikacj\u0105 mobiln\u0105 i loginem\",\"isPartOf\":{\"@id\":\"https:\/\/casino-site-amp87.top\/#website\"},\"datePublished\":\"2025-09-30T06:44:26+00:00\",\"dateModified\":\"2025-11-06T16:19:07+00:00\",\"description\":\"Quickwin Polska to kasyno z licencj\u0105 Cura\u00e7ao eGaming, pakietem 100% do 500 \u20ac i 200 FS, p\u0142atno\u015bciami kartami, portfelami elektronicznymi i kryptowalutami oraz live chatem 24\/7\",\"breadcrumb\":{\"@id\":\"https:\/\/pl.casino-site-amp87.top\/#breadcrumb\"},\"inLanguage\":\"ru-RU\",\"potentialAction\":[{\"@type\":\"ReadAction\",\"target\":[\"https:\/\/pl.casino-site-amp87.top\/\"]}]},{\"@type\":\"BreadcrumbList\",\"@id\":\"https:\/\/pl.casino-site-amp87.top\/#breadcrumb\",\"itemListElement\":[{\"@type\":\"ListItem\",\"position\":1,\"name\":\"\u0413\u043b\u0430\u0432\u043d\u0430\u044f \u0441\u0442\u0440\u0430\u043d\u0438\u0446\u0430\",\"item\":\"https:\/\/casino-site-amp87.top\/\"},{\"@type\":\"ListItem\",\"position\":2,\"name\":\"PL main\"}]},{\"@type\":\"WebSite\",\"@id\":\"https:\/\/casino-site-amp87.top\/#website\",\"url\":\"https:\/\/casino-site-amp87.top\/\",\"name\":\"casino-site-amp87.top\",\"description\":\"\",\"potentialAction\":[{\"@type\":\"SearchAction\",\"target\":{\"@type\":\"EntryPoint\",\"urlTemplate\":\"https:\/\/casino-site-amp87.top\/?s={search_term_string}\"},\"query-input\":{\"@type\":\"PropertyValueSpecification\",\"valueRequired\":true,\"valueName\":\"search_term_string\"}}],\"inLanguage\":\"ru-RU\"}]}<\/script>\n<!-- \/ Yoast SEO plugin. -->","yoast_head_json":{"title":"Quickwin Polska licencjonowane kasyno online z aplikacj\u0105 mobiln\u0105 i loginem","description":"Quickwin Polska to kasyno z licencj\u0105 Cura\u00e7ao eGaming, pakietem 100% do 500 \u20ac i 200 FS, p\u0142atno\u015bciami kartami, portfelami elektronicznymi i kryptowalutami oraz live chatem 24\/7","robots":{"index":"index","follow":"follow","max-snippet":"max-snippet:-1","max-image-preview":"max-image-preview:large","max-video-preview":"max-video-preview:-1"},"canonical":"https:\/\/pl.casino-site-amp87.top\/","og_locale":"ru_RU","og_type":"article","og_title":"Quickwin Polska licencjonowane kasyno online z aplikacj\u0105 mobiln\u0105 i loginem","og_description":"Quickwin Polska to kasyno z licencj\u0105 Cura\u00e7ao eGaming, pakietem 100% do 500 \u20ac i 200 FS, p\u0142atno\u015bciami kartami, portfelami elektronicznymi i kryptowalutami oraz live chatem 24\/7","og_url":"https:\/\/pl.casino-site-amp87.top\/","og_site_name":"casino-site-amp87.top","article_modified_time":"2025-11-06T16:19:07+00:00","twitter_card":"summary_large_image","schema":{"@context":"https:\/\/schema.org","@graph":[{"@type":"WebPage","@id":"https:\/\/casino-site-amp87.top\/","url":"https:\/\/pl.casino-site-amp87.top\/","name":"Quickwin Polska licencjonowane kasyno online z aplikacj\u0105 mobiln\u0105 i loginem","isPartOf":{"@id":"https:\/\/casino-site-amp87.top\/#website"},"datePublished":"2025-09-30T06:44:26+00:00","dateModified":"2025-11-06T16:19:07+00:00","description":"Quickwin Polska to kasyno z licencj\u0105 Cura\u00e7ao eGaming, pakietem 100% do 500 \u20ac i 200 FS, p\u0142atno\u015bciami kartami, portfelami elektronicznymi i kryptowalutami oraz live chatem 24\/7","breadcrumb":{"@id":"https:\/\/pl.casino-site-amp87.top\/#breadcrumb"},"inLanguage":"ru-RU","potentialAction":[{"@type":"ReadAction","target":["https:\/\/pl.casino-site-amp87.top\/"]}]},{"@type":"BreadcrumbList","@id":"https:\/\/pl.casino-site-amp87.top\/#breadcrumb","itemListElement":[{"@type":"ListItem","position":1,"name":"\u0413\u043b\u0430\u0432\u043d\u0430\u044f \u0441\u0442\u0440\u0430\u043d\u0438\u0446\u0430","item":"https:\/\/casino-site-amp87.top\/"},{"@type":"ListItem","position":2,"name":"PL main"}]},{"@type":"WebSite","@id":"https:\/\/casino-site-amp87.top\/#website","url":"https:\/\/casino-site-amp87.top\/","name":"casino-site-amp87.top","description":"","potentialAction":[{"@type":"SearchAction","target":{"@type":"EntryPoint","urlTemplate":"https:\/\/casino-site-amp87.top\/?s={search_term_string}"},"query-input":{"@type":"PropertyValueSpecification","valueRequired":true,"valueName":"search_term_string"}}],"inLanguage":"ru-RU"}]}},"amp_enabled":true,"_links":{"self":[{"href":"https:\/\/casino-site-amp87.top\/wp-json\/wp\/v2\/pages\/1589","targetHints":{"allow":["GET"]}}],"collection":[{"href":"https:\/\/casino-site-amp87.top\/wp-json\/wp\/v2\/pages"}],"about":[{"href":"https:\/\/casino-site-amp87.top\/wp-json\/wp\/v2\/types\/page"}],"author":[{"embeddable":true,"href":"https:\/\/casino-site-amp87.top\/wp-json\/wp\/v2\/users\/1"}],"replies":[{"embeddable":true,"href":"https:\/\/casino-site-amp87.top\/wp-json\/wp\/v2\/comments?post=1589"}],"version-history":[{"count":35,"href":"https:\/\/casino-site-amp87.top\/wp-json\/wp\/v2\/pages\/1589\/revisions"}],"predecessor-version":[{"id":2293,"href":"https:\/\/casino-site-amp87.top\/wp-json\/wp\/v2\/pages\/1589\/revisions\/2293"}],"wp:attachment":[{"href":"https:\/\/casino-site-amp87.top\/wp-json\/wp\/v2\/media?parent=1589"}],"curies":[{"name":"wp","href":"https:\/\/api.w.org\/{rel}","templated":true}]}}